{"id":3072,"date":"2024-01-03T11:21:31","date_gmt":"2024-01-03T14:21:31","guid":{"rendered":"https:\/\/igtcontabilidade.com.br\/site\/?page_id=3072"},"modified":"2024-01-03T11:23:19","modified_gmt":"2024-01-03T14:23:19","slug":"home","status":"publish","type":"page","link":"https:\/\/igtcontabilidade.com.br\/site\/","title":{"rendered":"Home"},"content":{"rendered":"\t\t<div data-elementor-type=\"wp-post\" data-elementor-id=\"3072\" class=\"elementor elementor-3072\">\n\t\t\t\t\t\t\t\t\t<section class=\"elementor-section elementor-top-section elementor-element elementor-element-f640cfd elementor-section-full_width elementor-section-height-default elementor-section-height-default\" data-id=\"f640cfd\" data-element_type=\"section\">\n\t\t\t\t\t\t<div class=\"elementor-container elementor-column-gap-default\">\n\t\t\t\t\t<div class=\"elementor-column elementor-col-100 elementor-top-column elementor-element elementor-element-068b975\" data-id=\"068b975\" data-element_type=\"column\">\n\t\t\t<div class=\"elementor-widget-wrap elementor-element-populated\">\n\t\t\t\t\t\t\t\t<div class=\"elementor-element elementor-element-de52c06 elementor-widget elementor-widget-image\" data-id=\"de52c06\" data-element_type=\"widget\" data-widget_type=\"image.default\">\n\t\t\t\t<div class=\"elementor-widget-container\">\n\t\t\t\t\t\t\t\t\t\t\t\t\t\t\t<img decoding=\"async\" src=\"https:\/\/igtcontabilidade.com.br\/site\/wp-content\/uploads\/elementor\/thumbs\/capa-q5b29otd7k7qwcbox9ktvvjqulguv2giybbwe8ijy4.png\" title=\"IGT Contabilidade e Controladoria\" alt=\"IGT Contabilidade e Controladoria\" loading=\"lazy\" \/>\t\t\t\t\t\t\t\t\t\t\t\t\t\t\t<\/div>\n\t\t\t\t<\/div>\n\t\t\t\t\t<\/div>\n\t\t<\/div>\n\t\t\t\t\t\t\t<\/div>\n\t\t<\/section>\n\t\t\t\t<section class=\"elementor-section elementor-top-section elementor-element elementor-element-63cf8a4 elementor-section-boxed elementor-section-height-default elementor-section-height-default\" data-id=\"63cf8a4\" data-element_type=\"section\" data-settings=\"{&quot;background_background&quot;:&quot;classic&quot;}\">\n\t\t\t\t\t\t\t<div class=\"elementor-background-overlay\"><\/div>\n\t\t\t\t\t\t\t<div class=\"elementor-container elementor-column-gap-default\">\n\t\t\t\t\t<div class=\"elementor-column elementor-col-100 elementor-top-column elementor-element elementor-element-eed2774\" data-id=\"eed2774\" data-element_type=\"column\">\n\t\t\t<div class=\"elementor-widget-wrap elementor-element-populated\">\n\t\t\t\t\t\t\t\t<div class=\"elementor-element elementor-element-ed8a44c elementor-invisible elementor-widget elementor-widget-heading\" data-id=\"ed8a44c\" data-element_type=\"widget\" data-settings=\"{&quot;_animation&quot;:&quot;zoomIn&quot;}\" data-widget_type=\"heading.default\">\n\t\t\t\t<div class=\"elementor-widget-container\">\n\t\t\t<h2 class=\"elementor-heading-title elementor-size-default\">Solu\u00e7\u00f5es em Contabilidade e Controladoria<\/h2>\t\t<\/div>\n\t\t\t\t<\/div>\n\t\t\t\t<div class=\"elementor-element elementor-element-9526a52 elementor-invisible elementor-widget elementor-widget-heading\" data-id=\"9526a52\" data-element_type=\"widget\" data-settings=\"{&quot;_animation&quot;:&quot;zoomIn&quot;}\" data-widget_type=\"heading.default\">\n\t\t\t\t<div class=\"elementor-widget-container\">\n\t\t\t<h2 class=\"elementor-heading-title elementor-size-default\">Maximiza\u00e7\u00e3o de Resultados e Minimiza\u00e7\u00e3o de Custos<\/h2>\t\t<\/div>\n\t\t\t\t<\/div>\n\t\t\t\t\t<\/div>\n\t\t<\/div>\n\t\t\t\t\t\t\t<\/div>\n\t\t<\/section>\n\t\t\t\t<section class=\"elementor-section elementor-top-section elementor-element elementor-element-7a4773e elementor-section-content-top elementor-section-boxed elementor-section-height-default elementor-section-height-default\" data-id=\"7a4773e\" data-element_type=\"section\">\n\t\t\t\t\t\t<div class=\"elementor-container elementor-column-gap-default\">\n\t\t\t\t\t<div class=\"elementor-column elementor-col-33 elementor-top-column elementor-element elementor-element-f011cf2\" data-id=\"f011cf2\" data-element_type=\"column\">\n\t\t\t<div class=\"elementor-widget-wrap elementor-element-populated\">\n\t\t\t\t\t\t\t\t<section class=\"elementor-section elementor-inner-section elementor-element elementor-element-e72a6ad elementor-section-boxed elementor-section-height-default elementor-section-height-default\" data-id=\"e72a6ad\" data-element_type=\"section\">\n\t\t\t\t\t\t<div class=\"elementor-container elementor-column-gap-default\">\n\t\t\t\t\t<div class=\"elementor-column elementor-col-100 elementor-inner-column elementor-element elementor-element-c675ada\" data-id=\"c675ada\" data-element_type=\"column\">\n\t\t\t<div class=\"elementor-widget-wrap elementor-element-populated\">\n\t\t\t\t\t\t\t\t<div class=\"elementor-element elementor-element-b6f48b2 elementor-widget elementor-widget-image\" data-id=\"b6f48b2\" data-element_type=\"widget\" data-widget_type=\"image.default\">\n\t\t\t\t<div class=\"elementor-widget-container\">\n\t\t\t\t\t\t\t\t\t\t\t\t\t\t\t\t<a href=\"https:\/\/igtcontabilidade.com.br\/?page_id=2389\">\n\t\t\t\t\t\t\t<img fetchpriority=\"high\" decoding=\"async\" width=\"1024\" height=\"1024\" src=\"https:\/\/igtcontabilidade.com.br\/site\/wp-content\/uploads\/2023\/04\/subdestaque_home_1-1024x1024.png\" class=\"attachment-large size-large wp-image-2757\" alt=\"\" srcset=\"https:\/\/igtcontabilidade.com.br\/site\/wp-content\/uploads\/2023\/04\/subdestaque_home_1-1024x1024.png 1024w, https:\/\/igtcontabilidade.com.br\/site\/wp-content\/uploads\/2023\/04\/subdestaque_home_1-300x300.png 300w, https:\/\/igtcontabilidade.com.br\/site\/wp-content\/uploads\/2023\/04\/subdestaque_home_1-150x150.png 150w, https:\/\/igtcontabilidade.com.br\/site\/wp-content\/uploads\/2023\/04\/subdestaque_home_1-768x768.png 768w, https:\/\/igtcontabilidade.com.br\/site\/wp-content\/uploads\/2023\/04\/subdestaque_home_1.png 1080w\" sizes=\"(max-width: 1024px) 100vw, 1024px\" \/>\t\t\t\t\t\t\t\t<\/a>\n\t\t\t\t\t\t\t\t\t\t\t\t\t\t\t<\/div>\n\t\t\t\t<\/div>\n\t\t\t\t\t<\/div>\n\t\t<\/div>\n\t\t\t\t\t\t\t<\/div>\n\t\t<\/section>\n\t\t\t\t\t<\/div>\n\t\t<\/div>\n\t\t\t\t<div class=\"elementor-column elementor-col-33 elementor-top-column elementor-element elementor-element-36bca88\" data-id=\"36bca88\" data-element_type=\"column\">\n\t\t\t<div class=\"elementor-widget-wrap elementor-element-populated\">\n\t\t\t\t\t\t\t\t<section class=\"elementor-section elementor-inner-section elementor-element elementor-element-c9527e9 elementor-section-boxed elementor-section-height-default elementor-section-height-default\" data-id=\"c9527e9\" data-element_type=\"section\">\n\t\t\t\t\t\t<div class=\"elementor-container elementor-column-gap-default\">\n\t\t\t\t\t<div class=\"elementor-column elementor-col-100 elementor-inner-column elementor-element elementor-element-288cbba\" data-id=\"288cbba\" data-element_type=\"column\">\n\t\t\t<div class=\"elementor-widget-wrap elementor-element-populated\">\n\t\t\t\t\t\t\t\t<div class=\"elementor-element elementor-element-304b9ba elementor-widget elementor-widget-image\" data-id=\"304b9ba\" data-element_type=\"widget\" data-widget_type=\"image.default\">\n\t\t\t\t<div class=\"elementor-widget-container\">\n\t\t\t\t\t\t\t\t\t\t\t\t\t\t\t\t<a href=\"https:\/\/igtcontabilidade.com.br\/?page_id=2576\">\n\t\t\t\t\t\t\t<img decoding=\"async\" width=\"1024\" height=\"1024\" src=\"https:\/\/igtcontabilidade.com.br\/site\/wp-content\/uploads\/2023\/04\/subdestaque_home_2-1024x1024.png\" class=\"attachment-large size-large wp-image-2758\" alt=\"\" srcset=\"https:\/\/igtcontabilidade.com.br\/site\/wp-content\/uploads\/2023\/04\/subdestaque_home_2-1024x1024.png 1024w, https:\/\/igtcontabilidade.com.br\/site\/wp-content\/uploads\/2023\/04\/subdestaque_home_2-300x300.png 300w, https:\/\/igtcontabilidade.com.br\/site\/wp-content\/uploads\/2023\/04\/subdestaque_home_2-150x150.png 150w, https:\/\/igtcontabilidade.com.br\/site\/wp-content\/uploads\/2023\/04\/subdestaque_home_2-768x768.png 768w, https:\/\/igtcontabilidade.com.br\/site\/wp-content\/uploads\/2023\/04\/subdestaque_home_2.png 1080w\" sizes=\"(max-width: 1024px) 100vw, 1024px\" \/>\t\t\t\t\t\t\t\t<\/a>\n\t\t\t\t\t\t\t\t\t\t\t\t\t\t\t<\/div>\n\t\t\t\t<\/div>\n\t\t\t\t\t<\/div>\n\t\t<\/div>\n\t\t\t\t\t\t\t<\/div>\n\t\t<\/section>\n\t\t\t\t\t<\/div>\n\t\t<\/div>\n\t\t\t\t<div class=\"elementor-column elementor-col-33 elementor-top-column elementor-element elementor-element-d9017b8\" data-id=\"d9017b8\" data-element_type=\"column\">\n\t\t\t<div class=\"elementor-widget-wrap elementor-element-populated\">\n\t\t\t\t\t\t\t\t<section class=\"elementor-section elementor-inner-section elementor-element elementor-element-b0986eb elementor-section-boxed elementor-section-height-default elementor-section-height-default\" data-id=\"b0986eb\" data-element_type=\"section\">\n\t\t\t\t\t\t<div class=\"elementor-container elementor-column-gap-default\">\n\t\t\t\t\t<div class=\"elementor-column elementor-col-100 elementor-inner-column elementor-element elementor-element-89ee35c\" data-id=\"89ee35c\" data-element_type=\"column\">\n\t\t\t<div class=\"elementor-widget-wrap elementor-element-populated\">\n\t\t\t\t\t\t\t\t<div class=\"elementor-element elementor-element-da3995c elementor-widget elementor-widget-image\" data-id=\"da3995c\" data-element_type=\"widget\" data-widget_type=\"image.default\">\n\t\t\t\t<div class=\"elementor-widget-container\">\n\t\t\t\t\t\t\t\t\t\t\t\t\t\t\t\t<a href=\"https:\/\/igtcontabilidade.com.br\/?page_id=1222\">\n\t\t\t\t\t\t\t<img decoding=\"async\" width=\"1024\" height=\"1024\" src=\"https:\/\/igtcontabilidade.com.br\/site\/wp-content\/uploads\/2023\/04\/subdestaque_home_3-1024x1024.png\" class=\"attachment-large size-large wp-image-2759\" alt=\"\" srcset=\"https:\/\/igtcontabilidade.com.br\/site\/wp-content\/uploads\/2023\/04\/subdestaque_home_3-1024x1024.png 1024w, https:\/\/igtcontabilidade.com.br\/site\/wp-content\/uploads\/2023\/04\/subdestaque_home_3-300x300.png 300w, https:\/\/igtcontabilidade.com.br\/site\/wp-content\/uploads\/2023\/04\/subdestaque_home_3-150x150.png 150w, https:\/\/igtcontabilidade.com.br\/site\/wp-content\/uploads\/2023\/04\/subdestaque_home_3-768x768.png 768w, https:\/\/igtcontabilidade.com.br\/site\/wp-content\/uploads\/2023\/04\/subdestaque_home_3.png 1080w\" sizes=\"(max-width: 1024px) 100vw, 1024px\" \/>\t\t\t\t\t\t\t\t<\/a>\n\t\t\t\t\t\t\t\t\t\t\t\t\t\t\t<\/div>\n\t\t\t\t<\/div>\n\t\t\t\t\t<\/div>\n\t\t<\/div>\n\t\t\t\t\t\t\t<\/div>\n\t\t<\/section>\n\t\t\t\t\t<\/div>\n\t\t<\/div>\n\t\t\t\t\t\t\t<\/div>\n\t\t<\/section>\n\t\t\t\t<section class=\"elementor-section elementor-top-section elementor-element elementor-element-c192630 elementor-section-boxed elementor-section-height-default elementor-section-height-default\" data-id=\"c192630\" data-element_type=\"section\" data-settings=\"{&quot;background_background&quot;:&quot;classic&quot;}\">\n\t\t\t\t\t\t\t<div class=\"elementor-background-overlay\"><\/div>\n\t\t\t\t\t\t\t<div class=\"elementor-container elementor-column-gap-default\">\n\t\t\t\t\t<div class=\"elementor-column elementor-col-100 elementor-top-column elementor-element elementor-element-a2f5ebf\" data-id=\"a2f5ebf\" data-element_type=\"column\">\n\t\t\t<div class=\"elementor-widget-wrap elementor-element-populated\">\n\t\t\t\t\t\t\t\t<div class=\"elementor-element elementor-element-cc8bad5 elementor-invisible elementor-widget elementor-widget-heading\" data-id=\"cc8bad5\" data-element_type=\"widget\" data-settings=\"{&quot;_animation&quot;:&quot;zoomIn&quot;}\" data-widget_type=\"heading.default\">\n\t\t\t\t<div class=\"elementor-widget-container\">\n\t\t\t<h2 class=\"elementor-heading-title elementor-size-default\">Agende um hor\u00e1rio com a IGT<\/h2>\t\t<\/div>\n\t\t\t\t<\/div>\n\t\t\t\t<div class=\"elementor-element elementor-element-1d84d6e elementor-invisible elementor-widget elementor-widget-heading\" data-id=\"1d84d6e\" data-element_type=\"widget\" data-settings=\"{&quot;_animation&quot;:&quot;zoomIn&quot;}\" data-widget_type=\"heading.default\">\n\t\t\t\t<div class=\"elementor-widget-container\">\n\t\t\t<h2 class=\"elementor-heading-title elementor-size-default\">A IGT Contabilidade e Controladoria cria solu\u00e7\u00f5es, desenvolve, implanta e gere servi\u00e7os de forma pr\u00e1tica e respons\u00e1vel, respeitando a cultura dos clientes. A sua empresa est\u00e1 procurando servi\u00e7os a fim de facilitar tomadas de decis\u00f5es, maximizar resultados e minimizar custos? Assumimos a responsabilidade de sugerir caminhos, solu\u00e7\u00f5es e gerenciamento das informa\u00e7\u00f5es cont\u00e1beis e de controladoria da organiza\u00e7\u00e3o. Assegurando dessa forma o cumprimento do planejamento estrat\u00e9gico e diretrizes de evolu\u00e7\u00e3o da empresa.<\/h2>\t\t<\/div>\n\t\t\t\t<\/div>\n\t\t\t\t\t<\/div>\n\t\t<\/div>\n\t\t\t\t\t\t\t<\/div>\n\t\t<\/section>\n\t\t\t\t<section class=\"elementor-section elementor-top-section elementor-element elementor-element-a04fe47 elementor-section-content-top elementor-section-boxed elementor-section-height-default elementor-section-height-default\" data-id=\"a04fe47\" data-element_type=\"section\">\n\t\t\t\t\t\t<div class=\"elementor-container elementor-column-gap-default\">\n\t\t\t\t\t<div class=\"elementor-column elementor-col-100 elementor-top-column elementor-element elementor-element-c4c109c\" data-id=\"c4c109c\" data-element_type=\"column\">\n\t\t\t<div class=\"elementor-widget-wrap elementor-element-populated\">\n\t\t\t\t\t\t\t\t<div class=\"elementor-element elementor-element-623dce0 elementor-arrows-position-inside elementor-pagination-position-outside elementor-widget elementor-widget-image-carousel\" data-id=\"623dce0\" data-element_type=\"widget\" data-settings=\"{&quot;slides_to_show&quot;:&quot;5&quot;,&quot;navigation&quot;:&quot;both&quot;,&quot;autoplay&quot;:&quot;yes&quot;,&quot;pause_on_hover&quot;:&quot;yes&quot;,&quot;pause_on_interaction&quot;:&quot;yes&quot;,&quot;autoplay_speed&quot;:5000,&quot;infinite&quot;:&quot;yes&quot;,&quot;speed&quot;:500}\" data-widget_type=\"image-carousel.default\">\n\t\t\t\t<div class=\"elementor-widget-container\">\n\t\t\t\t\t<div class=\"elementor-image-carousel-wrapper swiper-container\" dir=\"ltr\">\n\t\t\t<div class=\"elementor-image-carousel swiper-wrapper\" aria-live=\"off\">\n\t\t\t\t\t\t\t\t<div class=\"swiper-slide\" role=\"group\" aria-roledescription=\"slide\" aria-label=\"1 de 6\"><figure class=\"swiper-slide-inner\"><img decoding=\"async\" class=\"swiper-slide-image\" src=\"https:\/\/igtcontabilidade.com.br\/site\/wp-content\/uploads\/2023\/04\/b4_alpha-150x150.png\" alt=\"b4_alpha\" \/><\/figure><\/div><div class=\"swiper-slide\" role=\"group\" aria-roledescription=\"slide\" aria-label=\"2 de 6\"><figure class=\"swiper-slide-inner\"><img decoding=\"async\" class=\"swiper-slide-image\" src=\"https:\/\/igtcontabilidade.com.br\/site\/wp-content\/uploads\/2023\/04\/daisho-150x150.png\" alt=\"daisho\" \/><\/figure><\/div><div class=\"swiper-slide\" role=\"group\" aria-roledescription=\"slide\" aria-label=\"3 de 6\"><figure class=\"swiper-slide-inner\"><img decoding=\"async\" class=\"swiper-slide-image\" src=\"https:\/\/igtcontabilidade.com.br\/site\/wp-content\/uploads\/2023\/04\/dr_caio-1-150x150.png\" alt=\"dr_caio-1\" \/><\/figure><\/div><div class=\"swiper-slide\" role=\"group\" aria-roledescription=\"slide\" aria-label=\"4 de 6\"><figure class=\"swiper-slide-inner\"><img decoding=\"async\" class=\"swiper-slide-image\" src=\"https:\/\/igtcontabilidade.com.br\/site\/wp-content\/uploads\/2023\/04\/systemtech-150x150.png\" alt=\"systemtech\" \/><\/figure><\/div><div class=\"swiper-slide\" role=\"group\" aria-roledescription=\"slide\" aria-label=\"5 de 6\"><figure class=\"swiper-slide-inner\"><img decoding=\"async\" class=\"swiper-slide-image\" src=\"https:\/\/igtcontabilidade.com.br\/site\/wp-content\/uploads\/2023\/04\/tazoo-150x150.png\" alt=\"tazoo\" \/><\/figure><\/div><div class=\"swiper-slide\" role=\"group\" aria-roledescription=\"slide\" aria-label=\"6 de 6\"><figure class=\"swiper-slide-inner\"><img decoding=\"async\" class=\"swiper-slide-image\" src=\"https:\/\/igtcontabilidade.com.br\/site\/wp-content\/uploads\/2023\/04\/vale_encantado-1-150x150.png\" alt=\"vale_encantado-1\" \/><\/figure><\/div>\t\t\t<\/div>\n\t\t\t\t\t\t\t\t\t\t\t\t<div class=\"elementor-swiper-button elementor-swiper-button-prev\" role=\"button\" tabindex=\"0\">\n\t\t\t\t\t\t<i aria-hidden=\"true\" class=\"eicon-chevron-left\"><\/i>\t\t\t\t\t<\/div>\n\t\t\t\t\t<div class=\"elementor-swiper-button elementor-swiper-button-next\" role=\"button\" tabindex=\"0\">\n\t\t\t\t\t\t<i aria-hidden=\"true\" class=\"eicon-chevron-right\"><\/i>\t\t\t\t\t<\/div>\n\t\t\t\t\n\t\t\t\t\t\t\t\t\t<div class=\"swiper-pagination\"><\/div>\n\t\t\t\t\t\t\t\t\t<\/div>\n\t\t\t\t<\/div>\n\t\t\t\t<\/div>\n\t\t\t\t\t<\/div>\n\t\t<\/div>\n\t\t\t\t\t\t\t<\/div>\n\t\t<\/section>\n\t\t\t\t<section class=\"elementor-section elementor-top-section elementor-element elementor-element-81d0e89 elementor-section-boxed elementor-section-height-default elementor-section-height-default\" data-id=\"81d0e89\" data-element_type=\"section\" data-settings=\"{&quot;background_background&quot;:&quot;classic&quot;}\">\n\t\t\t\t\t\t\t<div class=\"elementor-background-overlay\"><\/div>\n\t\t\t\t\t\t\t<div class=\"elementor-container elementor-column-gap-default\">\n\t\t\t\t\t<div class=\"elementor-column elementor-col-33 elementor-top-column elementor-element elementor-element-b067a97\" data-id=\"b067a97\" data-element_type=\"column\">\n\t\t\t<div class=\"elementor-widget-wrap elementor-element-populated\">\n\t\t\t\t\t\t\t\t<div class=\"elementor-element elementor-element-370f460 elementor-widget elementor-widget-heading\" data-id=\"370f460\" data-element_type=\"widget\" data-widget_type=\"heading.default\">\n\t\t\t\t<div class=\"elementor-widget-container\">\n\t\t\t<h2 class=\"elementor-heading-title elementor-size-default\">Nossas Solu\u00e7\u00f5es<\/h2>\t\t<\/div>\n\t\t\t\t<\/div>\n\t\t\t\t<div class=\"elementor-element elementor-element-e23e00c elementor-widget elementor-widget-text-editor\" data-id=\"e23e00c\" data-element_type=\"widget\" data-widget_type=\"text-editor.default\">\n\t\t\t\t<div class=\"elementor-widget-container\">\n\t\t\t\t\t\t\t<p>\u2022 PER\u00cdCIAS CONT\u00c1BEIS<br \/>\u2022 ASSESSORIA T\u00c9CNICA CONT\u00c1BIL<br \/>\u2022 CONSULTORIA FINANCEIRA \/ ADMINISTRATIVA \/ TRABALHISTA<br \/>\u2022 CONTABILIDADE GERENCIAL<br \/>\u2022 CONSULTORIA EM GERAL<\/p>\t\t\t\t\t\t<\/div>\n\t\t\t\t<\/div>\n\t\t\t\t\t<\/div>\n\t\t<\/div>\n\t\t\t\t<div class=\"elementor-column elementor-col-33 elementor-top-column elementor-element elementor-element-9dc9869\" data-id=\"9dc9869\" data-element_type=\"column\">\n\t\t\t<div class=\"elementor-widget-wrap elementor-element-populated\">\n\t\t\t\t\t\t\t\t<div class=\"elementor-element elementor-element-52b26e5 elementor-widget elementor-widget-heading\" data-id=\"52b26e5\" data-element_type=\"widget\" data-widget_type=\"heading.default\">\n\t\t\t\t<div class=\"elementor-widget-container\">\n\t\t\t<h2 class=\"elementor-heading-title elementor-size-default\">Acompanhe-nos!<\/h2>\t\t<\/div>\n\t\t\t\t<\/div>\n\t\t\t\t<div class=\"elementor-element elementor-element-4c47a70 elementor-shape-circle elementor-grid-0 e-grid-align-center elementor-widget elementor-widget-social-icons\" data-id=\"4c47a70\" data-element_type=\"widget\" data-widget_type=\"social-icons.default\">\n\t\t\t\t<div class=\"elementor-widget-container\">\n\t\t\t\t\t<div class=\"elementor-social-icons-wrapper elementor-grid\">\n\t\t\t\t\t\t\t<span class=\"elementor-grid-item\">\n\t\t\t\t\t<a class=\"elementor-icon elementor-social-icon elementor-social-icon-facebook-f elementor-animation-pulse elementor-repeater-item-a2bc39f\" href=\"https:\/\/www.facebook.com\/Igtcontroladoriaecontabilidade\" target=\"_blank\">\n\t\t\t\t\t\t<span class=\"elementor-screen-only\">Facebook-f<\/span>\n\t\t\t\t\t\t<i class=\"fab fa-facebook-f\"><\/i>\t\t\t\t\t<\/a>\n\t\t\t\t<\/span>\n\t\t\t\t\t\t\t<span class=\"elementor-grid-item\">\n\t\t\t\t\t<a class=\"elementor-icon elementor-social-icon elementor-social-icon-instagram elementor-animation-pulse elementor-repeater-item-b20ee6d\" href=\"https:\/\/instagram.com\/igtcontabilidade\" target=\"_blank\">\n\t\t\t\t\t\t<span class=\"elementor-screen-only\">Instagram<\/span>\n\t\t\t\t\t\t<i class=\"fab fa-instagram\"><\/i>\t\t\t\t\t<\/a>\n\t\t\t\t<\/span>\n\t\t\t\t\t\t\t<span class=\"elementor-grid-item\">\n\t\t\t\t\t<a class=\"elementor-icon elementor-social-icon elementor-social-icon-telegram elementor-animation-pulse elementor-repeater-item-acbecbf\" href=\"#\" target=\"_blank\">\n\t\t\t\t\t\t<span class=\"elementor-screen-only\">Telegram<\/span>\n\t\t\t\t\t\t<i class=\"fab fa-telegram\"><\/i>\t\t\t\t\t<\/a>\n\t\t\t\t<\/span>\n\t\t\t\t\t<\/div>\n\t\t\t\t<\/div>\n\t\t\t\t<\/div>\n\t\t\t\t\t<\/div>\n\t\t<\/div>\n\t\t\t\t<div class=\"elementor-column elementor-col-33 elementor-top-column elementor-element elementor-element-08bb002\" data-id=\"08bb002\" data-element_type=\"column\">\n\t\t\t<div class=\"elementor-widget-wrap elementor-element-populated\">\n\t\t\t\t\t\t\t\t<div class=\"elementor-element elementor-element-02bdde8 elementor-widget elementor-widget-heading\" data-id=\"02bdde8\" data-element_type=\"widget\" data-widget_type=\"heading.default\">\n\t\t\t\t<div class=\"elementor-widget-container\">\n\t\t\t<h2 class=\"elementor-heading-title elementor-size-default\">Fale Conosco<\/h2>\t\t<\/div>\n\t\t\t\t<\/div>\n\t\t\t\t<div class=\"elementor-element elementor-element-a958554 elementor-widget elementor-widget-text-editor\" data-id=\"a958554\" data-element_type=\"widget\" data-widget_type=\"text-editor.default\">\n\t\t\t\t<div class=\"elementor-widget-container\">\n\t\t\t\t\t\t\t<p style=\"font-family: Raleway, sans-serif; font-size: 13px; font-style: normal; font-weight: 400; transition: all 0.2s ease 0s;\"><span style=\"font-weight: 700; font-size: 13px;\">IGT &#8211; Indaiatuba e Regi\u00e3o<\/span><br>Irapu\u00e3 Gon\u00e7alves Teixeira<br>irapuagt@igtcontabilidade.com.br<br>(19) 97415-1388<\/p><p style=\"font-family: Raleway, sans-serif; font-size: 13px; font-style: normal; font-weight: 400;\"><span style=\"font-weight: 700; font-size: 13px;\">IGT &#8211; Peru\u00edbe e Litoral Sul<\/span><br>Rog\u00e9rio Braz Gon\u00e7alves<br>rogeriobraz@igtcontabilidade.com.br<br>(13) 99660-9361<\/p>\t\t\t\t\t\t<\/div>\n\t\t\t\t<\/div>\n\t\t\t\t\t<\/div>\n\t\t<\/div>\n\t\t\t\t\t\t\t<\/div>\n\t\t<\/section>\n\t\t\t\t\t\t\t<\/div>\n\t\t","protected":false},"excerpt":{"rendered":"<p>Solu\u00e7\u00f5es em Contabilidade e Controladoria Maximiza\u00e7\u00e3o de Resultados e Minimiza\u00e7\u00e3o de Custos Agende um hor\u00e1rio com a IGT A IGT Contabilidade e Controladoria cria solu\u00e7\u00f5es, desenvolve, implanta e gere servi\u00e7os de forma pr\u00e1tica e respons\u00e1vel, respeitando a cultura dos clientes. A sua empresa est\u00e1 procurando servi\u00e7os a fim de facilitar tomadas de decis\u00f5es, maximizar resultados [&hellip;]<\/p>\n","protected":false},"author":12,"featured_media":0,"parent":0,"menu_order":0,"comment_status":"closed","ping_status":"closed","template":"elementor_header_footer","meta":{"footnotes":""},"class_list":["post-3072","page","type-page","status-publish","hentry"],"_links":{"self":[{"href":"https:\/\/igtcontabilidade.com.br\/site\/wp-json\/wp\/v2\/pages\/3072","targetHints":{"allow":["GET"]}}],"collection":[{"href":"https:\/\/igtcontabilidade.com.br\/site\/wp-json\/wp\/v2\/pages"}],"about":[{"href":"https:\/\/igtcontabilidade.com.br\/site\/wp-json\/wp\/v2\/types\/page"}],"author":[{"embeddable":true,"href":"https:\/\/igtcontabilidade.com.br\/site\/wp-json\/wp\/v2\/users\/12"}],"replies":[{"embeddable":true,"href":"https:\/\/igtcontabilidade.com.br\/site\/wp-json\/wp\/v2\/comments?post=3072"}],"version-history":[{"count":4,"href":"https:\/\/igtcontabilidade.com.br\/site\/wp-json\/wp\/v2\/pages\/3072\/revisions"}],"predecessor-version":[{"id":3076,"href":"https:\/\/igtcontabilidade.com.br\/site\/wp-json\/wp\/v2\/pages\/3072\/revisions\/3076"}],"wp:attachment":[{"href":"https:\/\/igtcontabilidade.com.br\/site\/wp-json\/wp\/v2\/media?parent=3072"}],"curies":[{"name":"wp","href":"https:\/\/api.w.org\/{rel}","templated":true}]}}