{"id":2389,"date":"2019-12-05T18:23:57","date_gmt":"2019-12-05T20:23:57","guid":{"rendered":"https:\/\/igtcontabilidade.com.br\/site\/?page_id=2389"},"modified":"2023-04-20T17:53:12","modified_gmt":"2023-04-20T20:53:12","slug":"sobre-a-igt","status":"publish","type":"page","link":"https:\/\/igtcontabilidade.com.br\/site\/sobre-a-igt\/","title":{"rendered":"Sobre a IGT"},"content":{"rendered":"\t\t<div data-elementor-type=\"wp-post\" data-elementor-id=\"2389\" class=\"elementor elementor-2389\">\n\t\t\t\t\t\t\t\t\t<section class=\"elementor-section elementor-top-section elementor-element elementor-element-f640cfd elementor-section-full_width elementor-section-height-default elementor-section-height-default\" data-id=\"f640cfd\" data-element_type=\"section\">\n\t\t\t\t\t\t<div class=\"elementor-container elementor-column-gap-default\">\n\t\t\t\t\t<div class=\"elementor-column elementor-col-100 elementor-top-column elementor-element elementor-element-068b975\" data-id=\"068b975\" data-element_type=\"column\">\n\t\t\t<div class=\"elementor-widget-wrap elementor-element-populated\">\n\t\t\t\t\t\t\t\t<div class=\"elementor-element elementor-element-eff8323 elementor-widget elementor-widget-image\" data-id=\"eff8323\" data-element_type=\"widget\" data-widget_type=\"image.default\">\n\t\t\t\t<div class=\"elementor-widget-container\">\n\t\t\t\t\t\t\t\t\t\t\t\t\t\t\t<img decoding=\"async\" src=\"https:\/\/igtcontabilidade.com.br\/site\/wp-content\/uploads\/elementor\/thumbs\/capa-q5b29otd7k6lz5n4947wtnvq2wkgbai5rcc8cbglv0.png\" title=\"IGT Contabilidade e Controladoria\" alt=\"IGT Contabilidade e Controladoria\" loading=\"lazy\" \/>\t\t\t\t\t\t\t\t\t\t\t\t\t\t\t<\/div>\n\t\t\t\t<\/div>\n\t\t\t\t\t<\/div>\n\t\t<\/div>\n\t\t\t\t\t\t\t<\/div>\n\t\t<\/section>\n\t\t\t\t<section class=\"elementor-section elementor-top-section elementor-element elementor-element-05b886e elementor-section-boxed elementor-section-height-default elementor-section-height-default\" data-id=\"05b886e\" data-element_type=\"section\" data-settings=\"{&quot;background_background&quot;:&quot;classic&quot;}\">\n\t\t\t\t\t\t\t<div class=\"elementor-background-overlay\"><\/div>\n\t\t\t\t\t\t\t<div class=\"elementor-container elementor-column-gap-default\">\n\t\t\t\t\t<div class=\"elementor-column elementor-col-100 elementor-top-column elementor-element elementor-element-026e2ec\" data-id=\"026e2ec\" data-element_type=\"column\">\n\t\t\t<div class=\"elementor-widget-wrap elementor-element-populated\">\n\t\t\t\t\t\t\t\t<div class=\"elementor-element elementor-element-150dcc2 elementor-invisible elementor-widget elementor-widget-heading\" data-id=\"150dcc2\" data-element_type=\"widget\" data-settings=\"{&quot;_animation&quot;:&quot;zoomIn&quot;}\" data-widget_type=\"heading.default\">\n\t\t\t\t<div class=\"elementor-widget-container\">\n\t\t\t<h2 class=\"elementor-heading-title elementor-size-default\">Sobre a IGT Contabilidade<\/h2>\t\t<\/div>\n\t\t\t\t<\/div>\n\t\t\t\t\t<\/div>\n\t\t<\/div>\n\t\t\t\t\t\t\t<\/div>\n\t\t<\/section>\n\t\t\t\t<section class=\"elementor-section elementor-top-section elementor-element elementor-element-dc7063d elementor-section-content-top elementor-section-boxed elementor-section-height-default elementor-section-height-default\" data-id=\"dc7063d\" data-element_type=\"section\">\n\t\t\t\t\t\t<div class=\"elementor-container elementor-column-gap-default\">\n\t\t\t\t\t<div class=\"elementor-column elementor-col-100 elementor-top-column elementor-element elementor-element-df17644\" data-id=\"df17644\" data-element_type=\"column\">\n\t\t\t<div class=\"elementor-widget-wrap elementor-element-populated\">\n\t\t\t\t\t\t\t\t<section class=\"elementor-section elementor-inner-section elementor-element elementor-element-c707878 elementor-section-boxed elementor-section-height-default elementor-section-height-default\" data-id=\"c707878\" data-element_type=\"section\">\n\t\t\t\t\t\t<div class=\"elementor-container elementor-column-gap-default\">\n\t\t\t\t\t<div class=\"elementor-column elementor-col-100 elementor-inner-column elementor-element elementor-element-fcb035c\" data-id=\"fcb035c\" data-element_type=\"column\">\n\t\t\t<div class=\"elementor-widget-wrap elementor-element-populated\">\n\t\t\t\t\t\t\t\t<div class=\"elementor-element elementor-element-cac79be elementor-widget elementor-widget-text-editor\" data-id=\"cac79be\" data-element_type=\"widget\" data-widget_type=\"text-editor.default\">\n\t\t\t\t<div class=\"elementor-widget-container\">\n\t\t\t\t\t\t\t<p>A IGT \u00e9 uma sociedade composta por<b> Irapu\u00e3 Gon\u00e7alves Teixeira<\/b> (CRC 1SP 164.997\/O-4) e<b> Rogerio Braz Gon\u00e7alves<\/b> (CRC 1SP 216.156\/O-1). Contadores com larga experi\u00eancia nas \u00e1reas de Assessoria Cont\u00e1bil, Controladoria e Per\u00edcias Cont\u00e1beis. Profissionais, que desde suas primeiras experi\u00eancias, entenderam que um bom contador, al\u00e9m de prestar servi\u00e7os de excel\u00eancia e confian\u00e7a, deve estar acima de tudo PRESENTE na vida e na rotina o administrador da empresa.<\/p><p>Acreditamos que nosso maior patrim\u00f4nio \u00e9 o relacionamento e a proximidade que mantemos com nossos clientes e o talento de nossa equipe (Contadores, Peritos, Advogados, Administradores de Empresa, e T\u00e9cnicos Cont\u00e1beis).<\/p><p>Seguindo essas premissas e princ\u00edpios, os servi\u00e7os da IGT s\u00e3o prestados considerando o porte da empresa (micro, pequena, m\u00e9dia ou grande), suas necessidades reais e o seu modelo de atua\u00e7\u00e3o. Nos preocupamos n\u00e3o somente em suprir nossos clientes de informa\u00e7\u00f5es para tomadas de decis\u00f5es inteligentes, mas tamb\u00e9m em antever problemas e identificar oportunidades.<\/p><p>E foi assim, que desde sua funda\u00e7\u00e3o que a IGT veio conquistando o prest\u00edgio de centenas de clientes que receberam o atendimento e o suporte do nosso escrit\u00f3rio.<\/p><p><b>Vis\u00e3o<\/b><\/p><p>Ser reconhecido pela disponibilidade de solu\u00e7\u00f5es cont\u00e1beis, agregando valor econ\u00f4mico para o cliente, garantindo seu fortalecimento e solidez, firmando uma alian\u00e7a s\u00e9ria e duradoura.<\/p><p><b>Miss\u00e3o<\/b><\/p><p>Assessorar, prestar servi\u00e7os e auxiliar no gerenciamento do seu neg\u00f3cio, disponibilizando solu\u00e7\u00f5es apropriadas para a gest\u00e3o administrativa, financeira e tribut\u00e1ria das empresas.<\/p>\t\t\t\t\t\t<\/div>\n\t\t\t\t<\/div>\n\t\t\t\t\t<\/div>\n\t\t<\/div>\n\t\t\t\t\t\t\t<\/div>\n\t\t<\/section>\n\t\t\t\t\t<\/div>\n\t\t<\/div>\n\t\t\t\t\t\t\t<\/div>\n\t\t<\/section>\n\t\t\t\t<section class=\"elementor-section elementor-top-section elementor-element elementor-element-6e4cb4f elementor-section-content-top elementor-section-boxed elementor-section-height-default elementor-section-height-default\" data-id=\"6e4cb4f\" data-element_type=\"section\">\n\t\t\t\t\t\t<div class=\"elementor-container elementor-column-gap-default\">\n\t\t\t\t\t<div class=\"elementor-column elementor-col-33 elementor-top-column elementor-element elementor-element-9ace69d\" data-id=\"9ace69d\" data-element_type=\"column\">\n\t\t\t<div class=\"elementor-widget-wrap elementor-element-populated\">\n\t\t\t\t\t\t\t\t<section class=\"elementor-section elementor-inner-section elementor-element elementor-element-87b2aee elementor-section-boxed elementor-section-height-default elementor-section-height-default\" data-id=\"87b2aee\" data-element_type=\"section\">\n\t\t\t\t\t\t<div class=\"elementor-container elementor-column-gap-default\">\n\t\t\t\t\t<div class=\"elementor-column elementor-col-100 elementor-inner-column elementor-element elementor-element-9ab8cf0\" data-id=\"9ab8cf0\" data-element_type=\"column\">\n\t\t\t<div class=\"elementor-widget-wrap elementor-element-populated\">\n\t\t\t\t\t\t\t\t<div class=\"elementor-element elementor-element-80b4eb3 elementor-widget elementor-widget-image\" data-id=\"80b4eb3\" data-element_type=\"widget\" data-widget_type=\"image.default\">\n\t\t\t\t<div class=\"elementor-widget-container\">\n\t\t\t\t\t\t\t\t\t\t\t\t\t\t\t\t<a href=\"https:\/\/igtcontabilidade.com.br\/site\/sobre-a-igt\/\">\n\t\t\t\t\t\t\t<img fetchpriority=\"high\" decoding=\"async\" width=\"1024\" height=\"1024\" src=\"https:\/\/igtcontabilidade.com.br\/site\/wp-content\/uploads\/2023\/04\/subdestaque_home_1-1024x1024.png\" class=\"attachment-large size-large wp-image-2757\" alt=\"\" srcset=\"https:\/\/igtcontabilidade.com.br\/site\/wp-content\/uploads\/2023\/04\/subdestaque_home_1-1024x1024.png 1024w, https:\/\/igtcontabilidade.com.br\/site\/wp-content\/uploads\/2023\/04\/subdestaque_home_1-300x300.png 300w, https:\/\/igtcontabilidade.com.br\/site\/wp-content\/uploads\/2023\/04\/subdestaque_home_1-150x150.png 150w, https:\/\/igtcontabilidade.com.br\/site\/wp-content\/uploads\/2023\/04\/subdestaque_home_1-768x768.png 768w, https:\/\/igtcontabilidade.com.br\/site\/wp-content\/uploads\/2023\/04\/subdestaque_home_1.png 1080w\" sizes=\"(max-width: 1024px) 100vw, 1024px\" \/>\t\t\t\t\t\t\t\t<\/a>\n\t\t\t\t\t\t\t\t\t\t\t\t\t\t\t<\/div>\n\t\t\t\t<\/div>\n\t\t\t\t\t<\/div>\n\t\t<\/div>\n\t\t\t\t\t\t\t<\/div>\n\t\t<\/section>\n\t\t\t\t\t<\/div>\n\t\t<\/div>\n\t\t\t\t<div class=\"elementor-column elementor-col-33 elementor-top-column elementor-element elementor-element-122d721\" data-id=\"122d721\" data-element_type=\"column\">\n\t\t\t<div class=\"elementor-widget-wrap elementor-element-populated\">\n\t\t\t\t\t\t\t\t<section class=\"elementor-section elementor-inner-section elementor-element elementor-element-5068b98 elementor-section-boxed elementor-section-height-default elementor-section-height-default\" data-id=\"5068b98\" data-element_type=\"section\">\n\t\t\t\t\t\t<div class=\"elementor-container elementor-column-gap-default\">\n\t\t\t\t\t<div class=\"elementor-column elementor-col-100 elementor-inner-column elementor-element elementor-element-904727a\" data-id=\"904727a\" data-element_type=\"column\">\n\t\t\t<div class=\"elementor-widget-wrap elementor-element-populated\">\n\t\t\t\t\t\t\t\t<div class=\"elementor-element elementor-element-82a03a8 elementor-widget elementor-widget-image\" data-id=\"82a03a8\" data-element_type=\"widget\" data-widget_type=\"image.default\">\n\t\t\t\t<div class=\"elementor-widget-container\">\n\t\t\t\t\t\t\t\t\t\t\t\t\t\t\t\t<a href=\"https:\/\/igtcontabilidade.com.br\/site\/solucoes\/\">\n\t\t\t\t\t\t\t<img decoding=\"async\" width=\"1024\" height=\"1024\" src=\"https:\/\/igtcontabilidade.com.br\/site\/wp-content\/uploads\/2023\/04\/subdestaque_home_2-1024x1024.png\" class=\"attachment-large size-large wp-image-2758\" alt=\"\" srcset=\"https:\/\/igtcontabilidade.com.br\/site\/wp-content\/uploads\/2023\/04\/subdestaque_home_2-1024x1024.png 1024w, https:\/\/igtcontabilidade.com.br\/site\/wp-content\/uploads\/2023\/04\/subdestaque_home_2-300x300.png 300w, https:\/\/igtcontabilidade.com.br\/site\/wp-content\/uploads\/2023\/04\/subdestaque_home_2-150x150.png 150w, https:\/\/igtcontabilidade.com.br\/site\/wp-content\/uploads\/2023\/04\/subdestaque_home_2-768x768.png 768w, https:\/\/igtcontabilidade.com.br\/site\/wp-content\/uploads\/2023\/04\/subdestaque_home_2.png 1080w\" sizes=\"(max-width: 1024px) 100vw, 1024px\" \/>\t\t\t\t\t\t\t\t<\/a>\n\t\t\t\t\t\t\t\t\t\t\t\t\t\t\t<\/div>\n\t\t\t\t<\/div>\n\t\t\t\t\t<\/div>\n\t\t<\/div>\n\t\t\t\t\t\t\t<\/div>\n\t\t<\/section>\n\t\t\t\t\t<\/div>\n\t\t<\/div>\n\t\t\t\t<div class=\"elementor-column elementor-col-33 elementor-top-column elementor-element elementor-element-0c80063\" data-id=\"0c80063\" data-element_type=\"column\">\n\t\t\t<div class=\"elementor-widget-wrap elementor-element-populated\">\n\t\t\t\t\t\t\t\t<section class=\"elementor-section elementor-inner-section elementor-element elementor-element-0df5870 elementor-section-boxed elementor-section-height-default elementor-section-height-default\" data-id=\"0df5870\" data-element_type=\"section\">\n\t\t\t\t\t\t<div class=\"elementor-container elementor-column-gap-default\">\n\t\t\t\t\t<div class=\"elementor-column elementor-col-100 elementor-inner-column elementor-element elementor-element-9aa47f3\" data-id=\"9aa47f3\" data-element_type=\"column\">\n\t\t\t<div class=\"elementor-widget-wrap elementor-element-populated\">\n\t\t\t\t\t\t\t\t<div class=\"elementor-element elementor-element-780151d elementor-widget elementor-widget-image\" data-id=\"780151d\" data-element_type=\"widget\" data-widget_type=\"image.default\">\n\t\t\t\t<div class=\"elementor-widget-container\">\n\t\t\t\t\t\t\t\t\t\t\t\t\t\t\t\t<a href=\"https:\/\/igtcontabilidade.com.br\/site\/faleconosco\/\">\n\t\t\t\t\t\t\t<img decoding=\"async\" width=\"1024\" height=\"1024\" src=\"https:\/\/igtcontabilidade.com.br\/site\/wp-content\/uploads\/2023\/04\/subdestaque_home_3-1024x1024.png\" class=\"attachment-large size-large wp-image-2759\" alt=\"\" srcset=\"https:\/\/igtcontabilidade.com.br\/site\/wp-content\/uploads\/2023\/04\/subdestaque_home_3-1024x1024.png 1024w, https:\/\/igtcontabilidade.com.br\/site\/wp-content\/uploads\/2023\/04\/subdestaque_home_3-300x300.png 300w, https:\/\/igtcontabilidade.com.br\/site\/wp-content\/uploads\/2023\/04\/subdestaque_home_3-150x150.png 150w, https:\/\/igtcontabilidade.com.br\/site\/wp-content\/uploads\/2023\/04\/subdestaque_home_3-768x768.png 768w, https:\/\/igtcontabilidade.com.br\/site\/wp-content\/uploads\/2023\/04\/subdestaque_home_3.png 1080w\" sizes=\"(max-width: 1024px) 100vw, 1024px\" \/>\t\t\t\t\t\t\t\t<\/a>\n\t\t\t\t\t\t\t\t\t\t\t\t\t\t\t<\/div>\n\t\t\t\t<\/div>\n\t\t\t\t\t<\/div>\n\t\t<\/div>\n\t\t\t\t\t\t\t<\/div>\n\t\t<\/section>\n\t\t\t\t\t<\/div>\n\t\t<\/div>\n\t\t\t\t\t\t\t<\/div>\n\t\t<\/section>\n\t\t\t\t<section class=\"elementor-section elementor-top-section elementor-element elementor-element-859ef11 elementor-section-boxed elementor-section-height-default elementor-section-height-default\" data-id=\"859ef11\" data-element_type=\"section\" data-settings=\"{&quot;background_background&quot;:&quot;classic&quot;}\">\n\t\t\t\t\t\t\t<div class=\"elementor-background-overlay\"><\/div>\n\t\t\t\t\t\t\t<div class=\"elementor-container elementor-column-gap-default\">\n\t\t\t\t\t<div class=\"elementor-column elementor-col-33 elementor-top-column elementor-element elementor-element-4ada8c9\" data-id=\"4ada8c9\" data-element_type=\"column\">\n\t\t\t<div class=\"elementor-widget-wrap elementor-element-populated\">\n\t\t\t\t\t\t\t\t<div class=\"elementor-element elementor-element-274073d elementor-widget elementor-widget-heading\" data-id=\"274073d\" data-element_type=\"widget\" data-widget_type=\"heading.default\">\n\t\t\t\t<div class=\"elementor-widget-container\">\n\t\t\t<h2 class=\"elementor-heading-title elementor-size-default\">Nossas Solu\u00e7\u00f5es<\/h2>\t\t<\/div>\n\t\t\t\t<\/div>\n\t\t\t\t<div class=\"elementor-element elementor-element-21313a9 elementor-widget elementor-widget-text-editor\" data-id=\"21313a9\" data-element_type=\"widget\" data-widget_type=\"text-editor.default\">\n\t\t\t\t<div class=\"elementor-widget-container\">\n\t\t\t\t\t\t\t<p>\u2022 PER\u00cdCIAS CONT\u00c1BEIS<br \/>\u2022 ASSESSORIA T\u00c9CNICA CONT\u00c1BIL<br \/>\u2022 CONSULTORIA FINANCEIRA \/ ADMINISTRATIVA \/ TRABALHISTA<br \/>\u2022 CONTABILIDADE GERENCIAL<br \/>\u2022 CONSULTORIA EM GERAL<\/p>\t\t\t\t\t\t<\/div>\n\t\t\t\t<\/div>\n\t\t\t\t\t<\/div>\n\t\t<\/div>\n\t\t\t\t<div class=\"elementor-column elementor-col-33 elementor-top-column elementor-element elementor-element-deeee9b\" data-id=\"deeee9b\" data-element_type=\"column\">\n\t\t\t<div class=\"elementor-widget-wrap elementor-element-populated\">\n\t\t\t\t\t\t\t\t<div class=\"elementor-element elementor-element-72319d1 elementor-widget elementor-widget-heading\" data-id=\"72319d1\" data-element_type=\"widget\" data-widget_type=\"heading.default\">\n\t\t\t\t<div class=\"elementor-widget-container\">\n\t\t\t<h2 class=\"elementor-heading-title elementor-size-default\">Acompanhe-nos!<\/h2>\t\t<\/div>\n\t\t\t\t<\/div>\n\t\t\t\t<div class=\"elementor-element elementor-element-3ff0352 elementor-shape-circle elementor-grid-0 e-grid-align-center elementor-widget elementor-widget-social-icons\" data-id=\"3ff0352\" data-element_type=\"widget\" data-widget_type=\"social-icons.default\">\n\t\t\t\t<div class=\"elementor-widget-container\">\n\t\t\t\t\t<div class=\"elementor-social-icons-wrapper elementor-grid\">\n\t\t\t\t\t\t\t<span class=\"elementor-grid-item\">\n\t\t\t\t\t<a class=\"elementor-icon elementor-social-icon elementor-social-icon-facebook-f elementor-animation-pulse elementor-repeater-item-a2bc39f\" href=\"https:\/\/www.facebook.com\/Igtcontroladoriaecontabilidade\" target=\"_blank\">\n\t\t\t\t\t\t<span class=\"elementor-screen-only\">Facebook-f<\/span>\n\t\t\t\t\t\t<i class=\"fab fa-facebook-f\"><\/i>\t\t\t\t\t<\/a>\n\t\t\t\t<\/span>\n\t\t\t\t\t\t\t<span class=\"elementor-grid-item\">\n\t\t\t\t\t<a class=\"elementor-icon elementor-social-icon elementor-social-icon-instagram elementor-animation-pulse elementor-repeater-item-b20ee6d\" href=\"https:\/\/instagram.com\/igtcontabilidade\" target=\"_blank\">\n\t\t\t\t\t\t<span class=\"elementor-screen-only\">Instagram<\/span>\n\t\t\t\t\t\t<i class=\"fab fa-instagram\"><\/i>\t\t\t\t\t<\/a>\n\t\t\t\t<\/span>\n\t\t\t\t\t\t\t<span class=\"elementor-grid-item\">\n\t\t\t\t\t<a class=\"elementor-icon elementor-social-icon elementor-social-icon-telegram elementor-animation-pulse elementor-repeater-item-acbecbf\" href=\"#\" target=\"_blank\">\n\t\t\t\t\t\t<span class=\"elementor-screen-only\">Telegram<\/span>\n\t\t\t\t\t\t<i class=\"fab fa-telegram\"><\/i>\t\t\t\t\t<\/a>\n\t\t\t\t<\/span>\n\t\t\t\t\t<\/div>\n\t\t\t\t<\/div>\n\t\t\t\t<\/div>\n\t\t\t\t\t<\/div>\n\t\t<\/div>\n\t\t\t\t<div class=\"elementor-column elementor-col-33 elementor-top-column elementor-element elementor-element-2be15ac\" data-id=\"2be15ac\" data-element_type=\"column\">\n\t\t\t<div class=\"elementor-widget-wrap elementor-element-populated\">\n\t\t\t\t\t\t\t\t<div class=\"elementor-element elementor-element-b6f7374 elementor-widget elementor-widget-heading\" data-id=\"b6f7374\" data-element_type=\"widget\" data-widget_type=\"heading.default\">\n\t\t\t\t<div class=\"elementor-widget-container\">\n\t\t\t<h2 class=\"elementor-heading-title elementor-size-default\">Fale Conosco<\/h2>\t\t<\/div>\n\t\t\t\t<\/div>\n\t\t\t\t<div class=\"elementor-element elementor-element-c34008b elementor-widget elementor-widget-text-editor\" data-id=\"c34008b\" data-element_type=\"widget\" data-widget_type=\"text-editor.default\">\n\t\t\t\t<div class=\"elementor-widget-container\">\n\t\t\t\t\t\t\t<p style=\"font-family: Raleway, sans-serif; font-size: 13px; font-style: normal; font-weight: 400; transition: all 0.2s ease 0s;\"><span style=\"font-weight: 700; font-size: 13px;\">IGT &#8211; Indaiatuba e Regi\u00e3o<\/span><br>Irapu\u00e3 Gon\u00e7alves Teixeira<br>irapuagt@igtcontabilidade.com.br<br>(19) 97415-1388<\/p><p style=\"font-family: Raleway, sans-serif; font-size: 13px; font-style: normal; font-weight: 400;\"><span style=\"font-weight: 700; font-size: 13px;\">IGT &#8211; Peru\u00edbe e Litoral Sul<\/span><br>Rog\u00e9rio Braz Gon\u00e7alves<br>rogeriobraz@igtcontabilidade.com.br<br>(13) 99660-9361<\/p>\t\t\t\t\t\t<\/div>\n\t\t\t\t<\/div>\n\t\t\t\t\t<\/div>\n\t\t<\/div>\n\t\t\t\t\t\t\t<\/div>\n\t\t<\/section>\n\t\t\t\t\t\t\t<\/div>\n\t\t","protected":false},"excerpt":{"rendered":"<p>Sobre a IGT Contabilidade A IGT \u00e9 uma sociedade composta por Irapu\u00e3 Gon\u00e7alves Teixeira (CRC 1SP 164.997\/O-4) e Rogerio Braz Gon\u00e7alves (CRC 1SP 216.156\/O-1). Contadores com larga experi\u00eancia nas \u00e1reas de Assessoria Cont\u00e1bil, Controladoria e Per\u00edcias Cont\u00e1beis. Profissionais, que desde suas primeiras experi\u00eancias, entenderam que um bom contador, al\u00e9m de prestar servi\u00e7os de excel\u00eancia e [&hellip;]<\/p>\n","protected":false},"author":12,"featured_media":0,"parent":0,"menu_order":0,"comment_status":"closed","ping_status":"closed","template":"elementor_header_footer","meta":{"footnotes":""},"class_list":["post-2389","page","type-page","status-publish","hentry"],"_links":{"self":[{"href":"https:\/\/igtcontabilidade.com.br\/site\/wp-json\/wp\/v2\/pages\/2389","targetHints":{"allow":["GET"]}}],"collection":[{"href":"https:\/\/igtcontabilidade.com.br\/site\/wp-json\/wp\/v2\/pages"}],"about":[{"href":"https:\/\/igtcontabilidade.com.br\/site\/wp-json\/wp\/v2\/types\/page"}],"author":[{"embeddable":true,"href":"https:\/\/igtcontabilidade.com.br\/site\/wp-json\/wp\/v2\/users\/12"}],"replies":[{"embeddable":true,"href":"https:\/\/igtcontabilidade.com.br\/site\/wp-json\/wp\/v2\/comments?post=2389"}],"version-history":[{"count":46,"href":"https:\/\/igtcontabilidade.com.br\/site\/wp-json\/wp\/v2\/pages\/2389\/revisions"}],"predecessor-version":[{"id":2787,"href":"https:\/\/igtcontabilidade.com.br\/site\/wp-json\/wp\/v2\/pages\/2389\/revisions\/2787"}],"wp:attachment":[{"href":"https:\/\/igtcontabilidade.com.br\/site\/wp-json\/wp\/v2\/media?parent=2389"}],"curies":[{"name":"wp","href":"https:\/\/api.w.org\/{rel}","templated":true}]}}